{"id":1025,"date":"2026-02-01T09:59:37","date_gmt":"2026-02-01T09:59:37","guid":{"rendered":"https:\/\/thewoodshop.nu\/?page_id=1025"},"modified":"2026-03-14T07:22:18","modified_gmt":"2026-03-14T07:22:18","slug":"handla","status":"publish","type":"page","link":"https:\/\/thewoodshop.nu\/index.php\/handla\/","title":{"rendered":"Handla"},"content":{"rendered":"\n<p>Vi har enkla rutiner f\u00f6r handel. Skicka ett sms om vad du \u00e4r intresserad av till +46 70661 72 44 s\u00e5 kontaktar vi dig.<\/p>\n","protected":false},"excerpt":{"rendered":"<p>Vi har enkla rutiner f\u00f6r handel. Skicka ett sms om vad du \u00e4r intresserad av till +46 70661 72 44 s\u00e5 kontaktar vi dig.<\/p>\n","protected":false},"author":2,"featured_media":0,"parent":0,"menu_order":0,"comment_status":"closed","ping_status":"closed","template":"","meta":{"footnotes":""},"class_list":["post-1025","page","type-page","status-publish","hentry"],"_links":{"self":[{"href":"https:\/\/thewoodshop.nu\/index.php\/wp-json\/wp\/v2\/pages\/1025","targetHints":{"allow":["GET"]}}],"collection":[{"href":"https:\/\/thewoodshop.nu\/index.php\/wp-json\/wp\/v2\/pages"}],"about":[{"href":"https:\/\/thewoodshop.nu\/index.php\/wp-json\/wp\/v2\/types\/page"}],"author":[{"embeddable":true,"href":"https:\/\/thewoodshop.nu\/index.php\/wp-json\/wp\/v2\/users\/2"}],"replies":[{"embeddable":true,"href":"https:\/\/thewoodshop.nu\/index.php\/wp-json\/wp\/v2\/comments?post=1025"}],"version-history":[{"count":4,"href":"https:\/\/thewoodshop.nu\/index.php\/wp-json\/wp\/v2\/pages\/1025\/revisions"}],"predecessor-version":[{"id":1189,"href":"https:\/\/thewoodshop.nu\/index.php\/wp-json\/wp\/v2\/pages\/1025\/revisions\/1189"}],"wp:attachment":[{"href":"https:\/\/thewoodshop.nu\/index.php\/wp-json\/wp\/v2\/media?parent=1025"}],"curies":[{"name":"wp","href":"https:\/\/api.w.org\/{rel}","templated":true}]}}