{"id":6,"date":"2025-07-31T10:24:06","date_gmt":"2025-07-31T10:24:06","guid":{"rendered":"http:\/\/127.0.0.1:8080\/?page_id=6"},"modified":"2026-02-28T14:18:47","modified_gmt":"2026-02-28T14:18:47","slug":"om","status":"publish","type":"page","link":"https:\/\/thewoodshop.nu\/index.php\/om\/","title":{"rendered":"Om oss"},"content":{"rendered":"\n<p>Vad \u00e4r bra eller d\u00e5lig design? F\u00f6rmodligen kan ingen annan \u00e4n du sj\u00e4lv svara p\u00e5 det. The Wood Shop \u00e4r ett litet snickeri i Enk\u00f6ping som bygger m\u00f6bler som vi tycker \u00e4r bra och ibland med lite lekfull design, design som f\u00f6rhoppningsvis \u00e4ven tilltalar dig.&nbsp;&nbsp;<\/p>\n\n\n\n<p>Vi har ett fast sortiment som formgivits av personer som \u00e4r starkt inspirerade av japanska\/skandinaviska tradition, dvs enkla och funktionella tr\u00e4m\u00f6bler med inslag av andra naturliga material som sten, glas och tyg.&nbsp; Om m\u00f6jligt bidrar vi till \u201dupcykling\u201d genom att ta tillvara gammalt tr\u00e4 och bygga nya m\u00f6bler av det.&nbsp;<\/p>\n\n\n\n<p>Men vi bygger ocks\u00e5 m\u00f6bler p\u00e5 best\u00e4llning. Har du sv\u00e5rt att hitta det du s\u00f6ker s\u00e5 kan du v\u00e4nda dig till oss. Tillsammans med dig hittar vi en l\u00f6sning p\u00e5 ditt behov och som ofta f\u00f6ljer v\u00e5ra formgivningstankar, m\u00f6bler som bidrar till en vilsam milj\u00f6 f\u00f6r \u00e5terh\u00e4mtning.&nbsp;&#8211; Design for the mindful.<\/p>\n\n\n\n<p><strong>Presentationen av v\u00e5r produkter<\/strong><\/p>\n\n\n\n<p>Presentation av v\u00e5ra produkter i produktkatalogen sker med fotografier och annat data. Ut\u00f6ver dessa finns milj\u00f6bilder producerade med hj\u00e4lp av AI-verktyg. Dessa bilder kan ibland ge tokiga dimensioner p\u00e5 visade m\u00f6bler. Syftet med bilderna \u00e4r att ge en k\u00e4nsla av hur m\u00f6beln kan se ut i en rumsmilj\u00f6.<\/p>\n\n\n\n<p><\/p>\n","protected":false},"excerpt":{"rendered":"<p>Vad \u00e4r bra eller d\u00e5lig design? F\u00f6rmodligen kan ingen annan \u00e4n du sj\u00e4lv svara p\u00e5 det. The Wood Shop \u00e4r ett litet snickeri i Enk\u00f6ping som bygger m\u00f6bler som vi tycker \u00e4r bra och ibland med lite lekfull design, design som f\u00f6rhoppningsvis \u00e4ven tilltalar dig.&nbsp;&nbsp; Vi har ett fast sortiment som formgivits av personer som [&hellip;]<\/p>\n","protected":false},"author":1,"featured_media":0,"parent":0,"menu_order":0,"comment_status":"closed","ping_status":"closed","template":"","meta":{"footnotes":""},"class_list":["post-6","page","type-page","status-publish","hentry"],"_links":{"self":[{"href":"https:\/\/thewoodshop.nu\/index.php\/wp-json\/wp\/v2\/pages\/6","targetHints":{"allow":["GET"]}}],"collection":[{"href":"https:\/\/thewoodshop.nu\/index.php\/wp-json\/wp\/v2\/pages"}],"about":[{"href":"https:\/\/thewoodshop.nu\/index.php\/wp-json\/wp\/v2\/types\/page"}],"author":[{"embeddable":true,"href":"https:\/\/thewoodshop.nu\/index.php\/wp-json\/wp\/v2\/users\/1"}],"replies":[{"embeddable":true,"href":"https:\/\/thewoodshop.nu\/index.php\/wp-json\/wp\/v2\/comments?post=6"}],"version-history":[{"count":8,"href":"https:\/\/thewoodshop.nu\/index.php\/wp-json\/wp\/v2\/pages\/6\/revisions"}],"predecessor-version":[{"id":1145,"href":"https:\/\/thewoodshop.nu\/index.php\/wp-json\/wp\/v2\/pages\/6\/revisions\/1145"}],"wp:attachment":[{"href":"https:\/\/thewoodshop.nu\/index.php\/wp-json\/wp\/v2\/media?parent=6"}],"curies":[{"name":"wp","href":"https:\/\/api.w.org\/{rel}","templated":true}]}}